{"id":218,"date":"2020-05-12T03:43:04","date_gmt":"2020-05-12T03:43:04","guid":{"rendered":"https:\/\/luxpetclub.com\/about\/"},"modified":"2023-03-04T15:04:00","modified_gmt":"2023-03-04T15:04:00","slug":"about","status":"publish","type":"page","link":"https:\/\/luxpetclub.com\/lv\/about\/","title":{"rendered":"Par mums"},"content":{"rendered":"<div class=\"wp-block-uagb-container uagb-block-8b4b0a4a alignfull uagb-is-root-container\"><div class=\"uagb-container-inner-blocks-wrap\">\n<div class=\"wp-block-uagb-advanced-heading uagb-block-c851e692\"><h1 class=\"uagb-heading-text\">PAR MUMS<\/h1><\/div>\n<\/div><\/div>\n\n\n\n<div class=\"wp-block-uagb-container uagb-block-e6017431 alignfull uagb-is-root-container\"><div class=\"uagb-container-inner-blocks-wrap\">\n<div class=\"wp-block-uagb-container uagb-block-414ed517\">\n<div class=\"wp-block-uagb-advanced-heading uagb-block-f5c1f29e\"><h2 class=\"uagb-heading-text\">M\u016bsu Komanda<\/h2><\/div>\n<\/div>\n\n\n\n<div class=\"wp-block-uagb-container uagb-block-3d246de8\">\n<div class=\"wp-block-uagb-info-box uagb-block-7a8cc64a uagb-infobox__content-wrap  uagb-infobox-icon-above-title uagb-infobox-image-valign-top\"><div class=\"uagb-ifb-content\"><div class=\"uagb-ifb-title-wrap\"><span class=\"uagb-ifb-title-prefix\"><strong>M\u016bsu klub\u0101 str\u0101d\u0101 profesion\u0101li kinologi, felinologi, treneri un veterin\u0101r\u0101rsti.<br>Ar lielu pieredzi un ilgu praksi!<\/strong><\/span><\/div><\/div><\/div>\n<\/div>\n<\/div><\/div>\n\n\n\n<h2 class=\"has-text-align-center wp-block-heading\"><strong>M\u016bsu pieredz\u0113ju\u0161ie kinologi sniegs pal\u012bdz\u012bbu kuc\u0113na izv\u0113l\u0113 un t\u0101 audzin\u0101\u0161an\u0101 .<\/strong><\/h2>\n\n\n\n<p class=\"has-medium-font-size\"><br><strong>Kuc\u0113na ieg\u0101d\u0101\u0161an\u0101s.<\/strong><br>Ja kuc\u0113na ieg\u0101de ir pl\u0101nota un J\u016bs v\u0113laties pa\u0146emt t\u012brasi\u0146u kuc\u0113nu no audz\u0113t\u0101ja,<br>tad iepriek\u0161 ir jasav\u0101c p\u0113c\niep\u0113jas vair\u0101k informacijas, j\u0101iepaz\u012bstas ar v\u0113lam\u0101s \u0161\u0137irnes aprakstu kuru v\u0113laties ieg\u0101d\u0101ties, j\u0101noskaidro visas\niesp\u0113jam\u0101s \u0161\u0137irnes \u012bpatn\u012bbas un rakstura iez\u012bmes,<br>izplat\u012bt\u0101k\u0101s \u0161ai \u0161\u0137irnei slim\u012bbas ar kur\u0101m j\u016bs var\u0113tu saskarties p\u0113c kuc\u0113na ieg\u0101des.<br><strong>Kuc\u0113na saimniekam uzdodamie jautajumi:<\/strong><br>- Ko tas \u0113d. Pirmo reizi lab\u0101k \u0146emt pierasto bar\u012bbu no kuc\u0113na saimniekiem.<br>- Vai mazulis ir \u0101rst\u0113ts no blus\u0101m un t\u0101rpiem.<br>- Vai ir veiktas vakcin\u0101cijas.<br>- Vai vi\u0146\u0161 ir apm\u0101c\u012bts tualetei, k\u0101dam auti\u0146am vi\u0146\u0161 dod priek\u0161roku.<br>- Cikos kucens iet gul\u0113t, cikos mostas.<br><strong>- R\u016bpes par kuc\u0113nu nav viegls uzdevums.<\/strong><br>Kuc\u0113nam b\u016bs nepiecie\u0161ama liela J\u016bsu uzman\u012bba, apr\u016bpe, r\u016bpes un\nliela paciet\u012bba.<br>\u0160aj\u0101 sakar\u0101 b\u016btu v\u0113lams mazuli \u0146emt uz jaun\u0101m m\u0101j\u0101m \u012bpa\u0161nieka br\u012bvdien\u0101s, cilv\u0113ks past\u0101v\u012bgi\nb\u016btu kop\u0101 ar kuc\u0113nu, jo sunim ir j\u0101pierod pie jaun\u0101s m\u0101jas.<br><strong>J\u0101uzrauga mazu\u013ca dro\u0161\u012bba,<\/strong> jo, vienm\u0113r ir j\u0101atcer\u0101s, ka J\u016bs varat vi\u0146u nejau\u0161i iespiest durv\u012bs vai\nuzk\u0101pt vi\u0146am uz astes, esiet \u0101rk\u0101rt\u012bgi uzman\u012bgi.<br><strong>Pirmaj\u0101s dien\u0101s p\u0113c ieg\u0101des mazulis var b\u016bt nenier\u012bgs,<\/strong> t\u0101 ir norm\u0101la uzved\u012bba sunim, kur\u0161 atrodas neparastos\napst\u0101k\u013cos ar jauniem saimniekiem un prom no m\u0101tes. Jums j\u0101b\u016bt paciet\u012bgam, p\u0113c da\u017e\u0101m dien\u0101m kuc\u0113ns\nnomierin\u0101sies.\nJums ar\u012b iepriek\u0161 j\u0101izlemj, kur kuc\u0113ns \u0113d\u012bs, kur gul\u0113s un kur dosies nok\u0101rtoties.<br><strong>Kuc\u0113ns jaunaj\u0101s m\u0101j\u0101s:<\/strong><br><strong>&#8211;<\/strong> No iepriek\u0161\u0113jiem saimniekiem pa\u0146emiet rota\u013clietu vai auti\u0146u, smar\u017ea pal\u012bdz\u0113s mazulim iejusties\njaunaj\u0101s m\u0101j\u0101s.<br><strong>&#8211;<\/strong> Barojiet kuc\u0113nu k\u0101 ierasts un pirms gul\u0113tie\u0161anas, ta\u010du ar m\u0113ru un ierasto bar\u012bbu, lai vi\u0146am netrauc\u0113tu<br>g\u0101zes un diskomforts no p\u0101r\u0113\u0161an\u0101s.<br><strong>&#8211;<\/strong> Pirmajos dz\u012bves m\u0113ne\u0161os kuc\u0113ni daudz gu\u013c \u2013 tas ir norm\u0101li.<br>Nemodiniet suni un netrauc\u0113jiet bez\nvajadz\u012bbas, tas var negat\u012bvi ietekm\u0113t psihi.<br><strong>&#8211;<\/strong> Ja mazulis daudz gu\u013c, bet nomoda period\u0101 ir akt\u012bvs, sp\u0113l\u0113jas, labi \u0113d un iet nok\u0101rtoties, tad\nuztraukumam nav pamata.<br>- P\u0101rcel\u0161an\u0101s uz jaun\u0101m m\u0101j\u0101m, \u0161\u0137ir\u0161an\u0101s no m\u0101tes, br\u0101\u013ciem un m\u0101s\u0101m kuc\u0113nam ir stress.<br>Jo jaun\u0101ks\nsuns, jo gr\u016bt\u0101k p\u0101rvar\u0113t stresu. Esiet paciet\u012bgi, taktiski.<br>Neuzst\u0101jiet uz sp\u0113l\u0113m un aktivit\u0101t\u0113m, steidz\u012bgi\nne\u0137eriet kuc\u0113nu, nen\u0113s\u0101jiet to rok\u0101s.<br>Mazulim ir vajadz\u012bgs laiks, lai pierastu pie jums, vi\u0146\u0161 pats jums\npar\u0101d\u012bs, kad grib\u0113s uzman\u012bbu.<br>- Nebariet un nesodiet savu kuc\u0113nu. Suns kliedzienus nesaprot, fiziska vardarb\u012bba nav pie\u013caujama.<br>Izskaidrojiet visu ar \u012bs\u0101m komand\u0101m: \u201cJ\u0101\u201d(malacis, paglaud\u0101t), \u201cN\u0113\u201d, \u201cFu\u201d.<br>Ja kuc\u0113ns s\u0101k ko\u0161\u013c\u0101t\napavus, no\u0146emiet tos un piev\u0113rsiet uzman\u012bbu rota\u013cliet\u0101m.<br>- Ja paman\u0101t pe\u013c\u0137\u012bti nepiem\u0113rot\u0101 viet\u0101, noslaukiet to ar vienreiz\u0113jo paladzi\u0146u, novietojiet to atbilsto\u0161\u0101\nviet\u0101 un \u013caujiet m\u0101jdz\u012bvniekam to apost\u012bt.<br>Laika gait\u0101 suns iem\u0101c\u012bsies j\u016bs lieliski saprast,<br>bet pirms tam jums j\u0101b\u016bt paciet\u012bgam un j\u0101piestr\u0101d\u0101 gan pie sevis, gan pie m\u0101jdz\u012bvnieka<br>- Sekojit kuc\u0113na visp\u0101r\u0113jam st\u0101voklim.<br>Vai nav vem\u0161ana, \u0161\u0137idri izk\u0101rn\u012bjumi, letar\u0123ijas, apet\u012btes\nmazin\u0101\u0161an\u0101s. \u0160\u0101dos gad\u012bjumos j\u0101konsult\u0113jas ar veterin\u0101r\u0101rstu.<\/p>\n\n\n\n<div class=\"wp-block-uagb-container uagb-block-fd9a87a5 alignfull uagb-is-root-container\"><div class=\"uagb-container-inner-blocks-wrap\">\n<div class=\"wp-block-uagb-container uagb-block-cd22df5b\">\n<div class=\"wp-block-uagb-advanced-heading uagb-block-feb42154\"><h2 class=\"uagb-heading-text\">misija<\/h2><p class=\"uagb-desc-text\">Pal\u012bdziet cilv\u0113kiem sazin\u0101ties un ieg\u016bt sapratni ar saviem m\u0101jdz\u012bvniekiem!<\/p><\/div>\n<\/div>\n\n\n\n<div class=\"wp-block-uagb-container uagb-block-d63624c4\">\n<div class=\"wp-block-uagb-advanced-heading uagb-block-06e516d4\"><h2 class=\"uagb-heading-text\">v\u012bzija<\/h2><p class=\"uagb-desc-text\">M\u0101jdz\u012bvnieki piepilda m\u016bsu dz\u012bvi ar M\u012blest\u012bbu!<\/p><\/div>\n<\/div>\n\n\n\n<div class=\"wp-block-uagb-container uagb-block-af2bec95\">\n<div class=\"wp-block-uagb-advanced-heading uagb-block-02d85df1\"><h2 class=\"uagb-heading-text\">v\u0113rt\u012bbas<\/h2><\/div>\n\n\n\n<div class=\"wp-block-uagb-icon-list uagb-block-a8505380\"><div class=\"uagb-icon-list__wrap\">\n<div class=\"wp-block-uagb-icon-list-child uagb-block-ecc79dfb\"><a target=\"_self\" aria-label=\"M\u0101jdz\u012bvnieku vesel\u012bba\" rel=\"noopener noreferrer\" href=\"#\"> <\/a><span class=\"uagb-icon-list__source-wrap\"><svg xmlns=\"https:\/\/www.w3.org\/2000\/svg\" viewbox=\"0 0 256 512\"><path d=\"M118.6 105.4l128 127.1C252.9 239.6 256 247.8 256 255.1s-3.125 16.38-9.375 22.63l-128 127.1c-9.156 9.156-22.91 11.9-34.88 6.943S64 396.9 64 383.1V128c0-12.94 7.781-24.62 19.75-29.58S109.5 96.23 118.6 105.4z\"><\/path><\/svg><\/span><span class=\"uagb-icon-list__label\">M\u0101jdz\u012bvnieku vesel\u012bba<\/span><\/div>\n\n\n\n<div class=\"wp-block-uagb-icon-list-child uagb-block-5bf155b9\"><a target=\"_self\" aria-label=\"Laba m\u0101jdz\u012bvnieku uzved\u012bba\" rel=\"noopener noreferrer\" href=\"#\"> <\/a><span class=\"uagb-icon-list__source-wrap\"><svg xmlns=\"https:\/\/www.w3.org\/2000\/svg\" viewbox=\"0 0 256 512\"><path d=\"M118.6 105.4l128 127.1C252.9 239.6 256 247.8 256 255.1s-3.125 16.38-9.375 22.63l-128 127.1c-9.156 9.156-22.91 11.9-34.88 6.943S64 396.9 64 383.1V128c0-12.94 7.781-24.62 19.75-29.58S109.5 96.23 118.6 105.4z\"><\/path><\/svg><\/span><span class=\"uagb-icon-list__label\">Laba m\u0101jdz\u012bvnieku uzved\u012bba<\/span><\/div>\n\n\n\n<div class=\"wp-block-uagb-icon-list-child uagb-block-21fdcf5c\"><a target=\"_self\" aria-label=\"M\u0101jdz\u012bvnieku laime\" rel=\"noopener noreferrer\" href=\"#\"> <\/a><span class=\"uagb-icon-list__source-wrap\"><svg xmlns=\"https:\/\/www.w3.org\/2000\/svg\" viewbox=\"0 0 256 512\"><path d=\"M118.6 105.4l128 127.1C252.9 239.6 256 247.8 256 255.1s-3.125 16.38-9.375 22.63l-128 127.1c-9.156 9.156-22.91 11.9-34.88 6.943S64 396.9 64 383.1V128c0-12.94 7.781-24.62 19.75-29.58S109.5 96.23 118.6 105.4z\"><\/path><\/svg><\/span><span class=\"uagb-icon-list__label\">M\u0101jdz\u012bvnieku laime<\/span><\/div>\n<\/div><\/div>\n<\/div>\n<\/div><\/div>","protected":false},"excerpt":{"rendered":"<p>ABOUT US Our Command Our experienced cynologists will help in choosing and raising a puppy. Puppy acquisition.If the purchase of a puppy is planned and you want to take a purebred puppy from the breeder,then you must collect it beforehand in order to get more information, you need to get acquainted with the description of [&hellip;]<\/p>\n","protected":false},"author":1,"featured_media":0,"parent":0,"menu_order":0,"comment_status":"closed","ping_status":"closed","template":"","meta":{"_coblocks_attr":"","_coblocks_dimensions":"","_coblocks_responsive_height":"","_coblocks_accordion_ie_support":"","_uag_custom_page_level_css":"","site-sidebar-layout":"no-sidebar","site-content-layout":"plain-container","ast-site-content-layout":"default","site-content-style":"default","site-sidebar-style":"default","ast-global-header-display":"","ast-banner-title-visibility":"","ast-main-header-display":"","ast-hfb-above-header-display":"","ast-hfb-below-header-display":"","ast-hfb-mobile-header-display":"","site-post-title":"disabled","ast-breadcrumbs-content":"","ast-featured-img":"disabled","footer-sml-layout":"","ast-disable-related-posts":"","theme-transparent-header-meta":"enabled","adv-header-id-meta":"","stick-header-meta":"","header-above-stick-meta":"","header-main-stick-meta":"","header-below-stick-meta":"","astra-migrate-meta-layouts":"default","ast-page-background-enabled":"default","ast-page-background-meta":{"desktop":{"background-color":"","background-image":"","background-repeat":"repeat","background-position":"center center","background-size":"auto","background-attachment":"scroll","background-type":"","background-media":"","overlay-type":"","overlay-color":"","overlay-opacity":"","overlay-gradient":""},"tablet":{"background-color":"","background-image":"","background-repeat":"repeat","background-position":"center center","background-size":"auto","background-attachment":"scroll","background-type":"","background-media":"","overlay-type":"","overlay-color":"","overlay-opacity":"","overlay-gradient":""},"mobile":{"background-color":"","background-image":"","background-repeat":"repeat","background-position":"center center","background-size":"auto","background-attachment":"scroll","background-type":"","background-media":"","overlay-type":"","overlay-color":"","overlay-opacity":"","overlay-gradient":""}},"ast-content-background-meta":{"desktop":{"background-color":"var(--ast-global-color-5)","background-image":"","background-repeat":"repeat","background-position":"center center","background-size":"auto","background-attachment":"scroll","background-type":"","background-media":"","overlay-type":"","overlay-color":"","overlay-opacity":"","overlay-gradient":""},"tablet":{"background-color":"var(--ast-global-color-5)","background-image":"","background-repeat":"repeat","background-position":"center center","background-size":"auto","background-attachment":"scroll","background-type":"","background-media":"","overlay-type":"","overlay-color":"","overlay-opacity":"","overlay-gradient":""},"mobile":{"background-color":"var(--ast-global-color-5)","background-image":"","background-repeat":"repeat","background-position":"center center","background-size":"auto","background-attachment":"scroll","background-type":"","background-media":"","overlay-type":"","overlay-color":"","overlay-opacity":"","overlay-gradient":""}},"footnotes":""},"class_list":["post-218","page","type-page","status-publish","hentry"],"yoast_head":"<!-- This site is optimized with the Yoast SEO plugin v27.5 - https:\/\/yoast.com\/product\/yoast-seo-wordpress\/ -->\n<title>About us - Lux Pet Club<\/title>\n<meta name=\"robots\" content=\"index, follow, max-snippet:-1, max-image-preview:large, max-video-preview:-1\" \/>\n<link rel=\"canonical\" href=\"https:\/\/luxpetclub.com\/lv\/about\/\" \/>\n<meta property=\"og:locale\" content=\"lv_LV\" \/>\n<meta property=\"og:type\" content=\"article\" \/>\n<meta property=\"og:title\" content=\"About us - Lux Pet Club\" \/>\n<meta property=\"og:description\" content=\"ABOUT US Our Command Our experienced cynologists will help in choosing and raising a puppy. Puppy acquisition.If the purchase of a puppy is planned and you want to take a purebred puppy from the breeder,then you must collect it beforehand in order to get more information, you need to get acquainted with the description of [&hellip;]\" \/>\n<meta property=\"og:url\" content=\"https:\/\/luxpetclub.com\/lv\/about\/\" \/>\n<meta property=\"og:site_name\" content=\"Lux Pet Club\" \/>\n<meta property=\"article:publisher\" content=\"https:\/\/www.facebook.com\/profile.php?id=100090334471320\" \/>\n<meta property=\"article:modified_time\" content=\"2023-03-04T15:04:00+00:00\" \/>\n<meta name=\"twitter:card\" content=\"summary_large_image\" \/>\n<meta name=\"twitter:label1\" content=\"Est. reading time\" \/>\n\t<meta name=\"twitter:data1\" content=\"1 min\u016bte\" \/>\n<script type=\"application\/ld+json\" class=\"yoast-schema-graph\">{\"@context\":\"https:\\\/\\\/schema.org\",\"@graph\":[{\"@type\":\"WebPage\",\"@id\":\"https:\\\/\\\/luxpetclub.com\\\/about\\\/\",\"url\":\"https:\\\/\\\/luxpetclub.com\\\/about\\\/\",\"name\":\"About us - Lux Pet Club\",\"isPartOf\":{\"@id\":\"https:\\\/\\\/luxpetclub.com\\\/#website\"},\"datePublished\":\"2020-05-12T03:43:04+00:00\",\"dateModified\":\"2023-03-04T15:04:00+00:00\",\"breadcrumb\":{\"@id\":\"https:\\\/\\\/luxpetclub.com\\\/about\\\/#breadcrumb\"},\"inLanguage\":\"lv-LV\",\"potentialAction\":[{\"@type\":\"ReadAction\",\"target\":[\"https:\\\/\\\/luxpetclub.com\\\/about\\\/\"]}]},{\"@type\":\"BreadcrumbList\",\"@id\":\"https:\\\/\\\/luxpetclub.com\\\/about\\\/#breadcrumb\",\"itemListElement\":[{\"@type\":\"ListItem\",\"position\":1,\"name\":\"Home\",\"item\":\"https:\\\/\\\/luxpetclub.com\\\/\"},{\"@type\":\"ListItem\",\"position\":2,\"name\":\"About us\"}]},{\"@type\":\"WebSite\",\"@id\":\"https:\\\/\\\/luxpetclub.com\\\/#website\",\"url\":\"https:\\\/\\\/luxpetclub.com\\\/\",\"name\":\"Lux Pet Club\",\"description\":\"Club for breed dogs and cats\",\"publisher\":{\"@id\":\"https:\\\/\\\/luxpetclub.com\\\/#organization\"},\"potentialAction\":[{\"@type\":\"SearchAction\",\"target\":{\"@type\":\"EntryPoint\",\"urlTemplate\":\"https:\\\/\\\/luxpetclub.com\\\/?s={search_term_string}\"},\"query-input\":{\"@type\":\"PropertyValueSpecification\",\"valueRequired\":true,\"valueName\":\"search_term_string\"}}],\"inLanguage\":\"lv-LV\"},{\"@type\":\"Organization\",\"@id\":\"https:\\\/\\\/luxpetclub.com\\\/#organization\",\"name\":\"Lux Pet Club\",\"url\":\"https:\\\/\\\/luxpetclub.com\\\/\",\"logo\":{\"@type\":\"ImageObject\",\"inLanguage\":\"lv-LV\",\"@id\":\"https:\\\/\\\/luxpetclub.com\\\/#\\\/schema\\\/logo\\\/image\\\/\",\"url\":\"https:\\\/\\\/lm22c8.n3cdn1.secureserver.net\\\/wp-content\\\/uploads\\\/2023\\\/02\\\/logo-3rd.png?time=1679133477\",\"contentUrl\":\"https:\\\/\\\/lm22c8.n3cdn1.secureserver.net\\\/wp-content\\\/uploads\\\/2023\\\/02\\\/logo-3rd.png?time=1679133477\",\"width\":1023,\"height\":668,\"caption\":\"Lux Pet Club\"},\"image\":{\"@id\":\"https:\\\/\\\/luxpetclub.com\\\/#\\\/schema\\\/logo\\\/image\\\/\"},\"sameAs\":[\"https:\\\/\\\/www.facebook.com\\\/profile.php?id=100090334471320\",\"https:\\\/\\\/www.instagram.com\\\/luxpet.club\\\/\"]}]}<\/script>\n<!-- \/ Yoast SEO plugin. -->","yoast_head_json":{"title":"About us - Lux Pet Club","robots":{"index":"index","follow":"follow","max-snippet":"max-snippet:-1","max-image-preview":"max-image-preview:large","max-video-preview":"max-video-preview:-1"},"canonical":"https:\/\/luxpetclub.com\/lv\/about\/","og_locale":"lv_LV","og_type":"article","og_title":"About us - Lux Pet Club","og_description":"ABOUT US Our Command Our experienced cynologists will help in choosing and raising a puppy. Puppy acquisition.If the purchase of a puppy is planned and you want to take a purebred puppy from the breeder,then you must collect it beforehand in order to get more information, you need to get acquainted with the description of [&hellip;]","og_url":"https:\/\/luxpetclub.com\/lv\/about\/","og_site_name":"Lux Pet Club","article_publisher":"https:\/\/www.facebook.com\/profile.php?id=100090334471320","article_modified_time":"2023-03-04T15:04:00+00:00","twitter_card":"summary_large_image","twitter_misc":{"Est. reading time":"1 min\u016bte"},"schema":{"@context":"https:\/\/schema.org","@graph":[{"@type":"WebPage","@id":"https:\/\/luxpetclub.com\/about\/","url":"https:\/\/luxpetclub.com\/about\/","name":"About us - Lux Pet Club","isPartOf":{"@id":"https:\/\/luxpetclub.com\/#website"},"datePublished":"2020-05-12T03:43:04+00:00","dateModified":"2023-03-04T15:04:00+00:00","breadcrumb":{"@id":"https:\/\/luxpetclub.com\/about\/#breadcrumb"},"inLanguage":"lv-LV","potentialAction":[{"@type":"ReadAction","target":["https:\/\/luxpetclub.com\/about\/"]}]},{"@type":"BreadcrumbList","@id":"https:\/\/luxpetclub.com\/about\/#breadcrumb","itemListElement":[{"@type":"ListItem","position":1,"name":"Home","item":"https:\/\/luxpetclub.com\/"},{"@type":"ListItem","position":2,"name":"About us"}]},{"@type":"WebSite","@id":"https:\/\/luxpetclub.com\/#website","url":"https:\/\/luxpetclub.com\/","name":"Lux Pet Club","description":"Club for breed dogs and cats","publisher":{"@id":"https:\/\/luxpetclub.com\/#organization"},"potentialAction":[{"@type":"SearchAction","target":{"@type":"EntryPoint","urlTemplate":"https:\/\/luxpetclub.com\/?s={search_term_string}"},"query-input":{"@type":"PropertyValueSpecification","valueRequired":true,"valueName":"search_term_string"}}],"inLanguage":"lv-LV"},{"@type":"Organization","@id":"https:\/\/luxpetclub.com\/#organization","name":"Lux Pet Club","url":"https:\/\/luxpetclub.com\/","logo":{"@type":"ImageObject","inLanguage":"lv-LV","@id":"https:\/\/luxpetclub.com\/#\/schema\/logo\/image\/","url":"https:\/\/lm22c8.n3cdn1.secureserver.net\/wp-content\/uploads\/2023\/02\/logo-3rd.png?time=1679133477","contentUrl":"https:\/\/lm22c8.n3cdn1.secureserver.net\/wp-content\/uploads\/2023\/02\/logo-3rd.png?time=1679133477","width":1023,"height":668,"caption":"Lux Pet Club"},"image":{"@id":"https:\/\/luxpetclub.com\/#\/schema\/logo\/image\/"},"sameAs":["https:\/\/www.facebook.com\/profile.php?id=100090334471320","https:\/\/www.instagram.com\/luxpet.club\/"]}]}},"uagb_featured_image_src":{"full":false,"thumbnail":false,"medium":false,"medium_large":false,"large":false,"1536x1536":false,"2048x2048":false,"trp-custom-language-flag":false,"woocommerce_thumbnail":false,"woocommerce_single":false,"woocommerce_gallery_thumbnail":false},"uagb_author_info":{"display_name":"luxpetclub","author_link":"https:\/\/luxpetclub.com\/lv\/author\/luxpetclub\/"},"uagb_comment_info":0,"uagb_excerpt":"ABOUT US Our Command Our experienced cynologists will help in choosing and raising a puppy. Puppy acquisition.If the purchase of a puppy is planned and you want to take a purebred puppy from the breeder,then you must collect it beforehand in order to get more information, you need to get acquainted with the description of&hellip;","_links":{"self":[{"href":"https:\/\/luxpetclub.com\/lv\/wp-json\/wp\/v2\/pages\/218","targetHints":{"allow":["GET"]}}],"collection":[{"href":"https:\/\/luxpetclub.com\/lv\/wp-json\/wp\/v2\/pages"}],"about":[{"href":"https:\/\/luxpetclub.com\/lv\/wp-json\/wp\/v2\/types\/page"}],"author":[{"embeddable":true,"href":"https:\/\/luxpetclub.com\/lv\/wp-json\/wp\/v2\/users\/1"}],"replies":[{"embeddable":true,"href":"https:\/\/luxpetclub.com\/lv\/wp-json\/wp\/v2\/comments?post=218"}],"version-history":[{"count":19,"href":"https:\/\/luxpetclub.com\/lv\/wp-json\/wp\/v2\/pages\/218\/revisions"}],"predecessor-version":[{"id":1910,"href":"https:\/\/luxpetclub.com\/lv\/wp-json\/wp\/v2\/pages\/218\/revisions\/1910"}],"wp:attachment":[{"href":"https:\/\/luxpetclub.com\/lv\/wp-json\/wp\/v2\/media?parent=218"}],"curies":[{"name":"wp","href":"https:\/\/api.w.org\/{rel}","templated":true}]}}