{"id":1540,"date":"2023-02-03T09:11:25","date_gmt":"2023-02-03T09:11:25","guid":{"rendered":"https:\/\/luxpetclub.com\/?page_id=1540"},"modified":"2023-03-04T10:28:22","modified_gmt":"2023-03-04T10:28:22","slug":"documents","status":"publish","type":"page","link":"https:\/\/luxpetclub.com\/lv\/documents\/","title":{"rendered":"Dokumenti"},"content":{"rendered":"<div class=\"wp-block-uagb-container uagb-block-96966742 alignfull uagb-is-root-container\"><div class=\"uagb-container-inner-blocks-wrap\">\n<div class=\"wp-block-uagb-advanced-heading uagb-block-7738b33c\"><h1 class=\"uagb-heading-text\">DOKUMENTI<\/h1><\/div>\n<\/div><\/div>\n\n\n\n<h2 class=\"has-text-align-center wp-block-heading\"><\/h2>\n\n\n\n<h2 class=\"has-text-align-center wp-block-heading\"><strong>Dokumenti lejupiel\u0101d\u0113\u0161anai<\/strong><\/h2>\n\n\n\n<p><\/p>\n\n\n\n<div class=\"wp-block-uagb-container uagb-block-09f021ad alignfull uagb-is-root-container\"><div class=\"uagb-container-inner-blocks-wrap\">\n<div class=\"wp-block-uagb-container uagb-block-35bf0b52\">\n<div class=\"wp-block-uagb-image uagb-block-e2dd57b4 wp-block-uagb-image--layout-default wp-block-uagb-image--effect-static wp-block-uagb-image--align-none\"><figure class=\"wp-block-uagb-image__figure\"><img decoding=\"async\" srcset=\"https:\/\/luxpetclub.com\/wp-content\/uploads\/2023\/02\/IMG-20210803-WA0022-1024x682.jpg \" src=\"https:\/\/luxpetclub.com\/wp-content\/uploads\/2023\/02\/IMG-20210803-WA0022-1024x682.jpg\" alt=\"\" class=\"uag-image-1652\" width=\"\" height=\"\" title=\"\" loading=\"lazy\"\/><\/figure><\/div>\n<\/div>\n\n\n\n<div class=\"wp-block-uagb-container uagb-block-ac53936f\">\n<div class=\"wp-block-uagb-info-box uagb-block-2544b4de uagb-infobox__content-wrap  uagb-infobox-icon-above-title uagb-infobox-image-valign-top\"><div class=\"uagb-ifb-content\"><div class=\"uagb-ifb-title-wrap\"><h2 class=\"uagb-ifb-title\">Pirkuma l\u012bgums LV<\/h2><\/div><p class=\"uagb-ifb-desc\">\u0160eit j\u016bs varat lejupiel\u0101d\u0113t <strong>Kuc\u0113na Pirkuma <\/strong>l\u012bguma dokumentus latvie\u0161u valod\u0101.<\/p><div class=\"uagb-ifb-button-wrapper wp-block-button\"><a href=\"https:\/\/luxpetclub.com\/wp-content\/uploads\/2023\/03\/pirkuma_ligums_001-LV-12.odt\" class=\"uagb-infobox-cta-link wp-block-button__link\" target=\"_self\" rel=\"noopener noreferrer\" alt=\"\"><span class=\"uagb-inline-editing\">Lejupiel\u0101d\u0113t Pirkuma l\u012bgumu LV<\/span><\/a><\/div><\/div><\/div>\n<\/div>\n<\/div><\/div>\n\n\n\n<div class=\"wp-block-uagb-container uagb-block-b56fb7da alignfull uagb-is-root-container\"><div class=\"uagb-container-inner-blocks-wrap\">\n<div class=\"wp-block-uagb-container uagb-block-96752df6\">\n<div class=\"wp-block-uagb-image uagb-block-8a47a7cf wp-block-uagb-image--layout-default wp-block-uagb-image--effect-static wp-block-uagb-image--align-none\"><figure class=\"wp-block-uagb-image__figure\"><img decoding=\"async\" srcset=\"https:\/\/luxpetclub.com\/wp-content\/uploads\/2023\/02\/IMG-20210803-WA0009-1024x755.jpg \" src=\"https:\/\/luxpetclub.com\/wp-content\/uploads\/2023\/02\/IMG-20210803-WA0009-1024x755.jpg\" alt=\"\" class=\"uag-image-1668\" width=\"\" height=\"\" title=\"\" loading=\"lazy\"\/><\/figure><\/div>\n<\/div>\n\n\n\n<div class=\"wp-block-uagb-container uagb-block-1c9757c0\">\n<div class=\"wp-block-uagb-info-box uagb-block-9badb560 uagb-infobox__content-wrap  uagb-infobox-icon-above-title uagb-infobox-image-valign-top\"><div class=\"uagb-ifb-content\"><div class=\"uagb-ifb-title-wrap\"><h2 class=\"uagb-ifb-title\">Pirkuma l\u012bgums EN<\/h2><\/div><p class=\"uagb-ifb-desc\">\u0160eit j\u016bs varat lejupiel\u0101d\u0113t <strong>Kuc\u0113na Pirkuma <\/strong>l\u012bguma dokumentus ang\u013cu valod\u0101.<\/p><div class=\"uagb-ifb-button-wrapper wp-block-button\"><a href=\"https:\/\/luxpetclub.com\/wp-content\/uploads\/2023\/03\/contract_free.doc\" class=\"uagb-infobox-cta-link wp-block-button__link\" target=\"_self\" rel=\"noopener noreferrer\" alt=\"\"><span class=\"uagb-inline-editing\">Lejupiel\u0101d\u0113t Pirkuma l\u012bgumu EN<\/span><\/a><\/div><\/div><\/div>\n<\/div>\n<\/div><\/div>\n\n\n\n<div class=\"wp-block-uagb-container uagb-block-d534227b alignfull uagb-is-root-container\"><div class=\"uagb-container-inner-blocks-wrap\">\n<div class=\"wp-block-uagb-container uagb-block-e1d36b28\">\n<div class=\"wp-block-uagb-image uagb-block-22ee9c20 wp-block-uagb-image--layout-default wp-block-uagb-image--effect-static wp-block-uagb-image--align-none\"><figure class=\"wp-block-uagb-image__figure\"><img decoding=\"async\" srcset=\"https:\/\/luxpetclub.com\/wp-content\/uploads\/2023\/02\/IMG-20210803-WA0023-3-1024x682.jpg \" src=\"https:\/\/luxpetclub.com\/wp-content\/uploads\/2023\/02\/IMG-20210803-WA0023-3-1024x682.jpg\" alt=\"\" class=\"uag-image-1672\" width=\"\" height=\"\" title=\"\" loading=\"lazy\"\/><\/figure><\/div>\n<\/div>\n\n\n\n<div class=\"wp-block-uagb-container uagb-block-973a25e7\">\n<div class=\"wp-block-uagb-info-box uagb-block-f17bc7b4 uagb-infobox__content-wrap  uagb-infobox-icon-above-title uagb-infobox-image-valign-top\"><div class=\"uagb-ifb-content\"><div class=\"uagb-ifb-title-wrap\"><h2 class=\"uagb-ifb-title\">P\u0101ro\u0161anas at\u013cauja LV<\/h2><\/div><p class=\"uagb-ifb-desc\">\u0160eit j\u016bs varat lejupiel\u0101d\u0113t <strong>P\u0101ro\u0161anas At\u013cauju <\/strong>l\u012bguma dokumentus latvie\u0161u valod\u0101.<\/p><div class=\"uagb-ifb-button-wrapper wp-block-button\"><a href=\"https:\/\/luxpetclub.com\/wp-content\/uploads\/2023\/03\/Vaislas-sunu-parosanas-akts-AFFI-1.docx\" class=\"uagb-infobox-cta-link wp-block-button__link\" target=\"_self\" rel=\"noopener noreferrer\" alt=\"\"><span class=\"uagb-inline-editing\">Lejupiel\u0101d\u0113t p\u0101ro\u0161anas at\u013cauju LV<\/span><\/a><\/div><\/div><\/div>\n<\/div>\n<\/div><\/div>\n\n\n\n<div class=\"wp-block-uagb-container uagb-block-abd3142f alignfull uagb-is-root-container\"><div class=\"uagb-container-inner-blocks-wrap\">\n<div class=\"wp-block-uagb-container uagb-block-9fe0893b\">\n<div class=\"wp-block-uagb-image uagb-block-a0d2c88c wp-block-uagb-image--layout-default wp-block-uagb-image--effect-static wp-block-uagb-image--align-none\"><figure class=\"wp-block-uagb-image__figure\"><img decoding=\"async\" srcset=\"https:\/\/luxpetclub.com\/wp-content\/uploads\/2023\/02\/IMG-20230206-WA0034-e1677925400375.jpg \" src=\"https:\/\/luxpetclub.com\/wp-content\/uploads\/2023\/02\/IMG-20230206-WA0034-e1677925400375.jpg\" alt=\"\" class=\"uag-image-1670\" title=\"\" loading=\"lazy\"\/><\/figure><\/div>\n<\/div>\n\n\n\n<div class=\"wp-block-uagb-container uagb-block-45f7f22d\">\n<div class=\"wp-block-uagb-info-box uagb-block-387967b5 uagb-infobox__content-wrap  uagb-infobox-icon-above-title uagb-infobox-image-valign-top\"><div class=\"uagb-ifb-content\"><div class=\"uagb-ifb-title-wrap\"><h2 class=\"uagb-ifb-title\">Metiena re\u0123istr\u0101cija<\/h2><\/div><p class=\"uagb-ifb-desc\">\u0160eit j\u016bs varat lejupiel\u0101d\u0113t <strong>Metiena R\u0113gistr\u0101cijas<\/strong>  dokumentus latvie\u0161u valod\u0101<\/p><div class=\"uagb-ifb-button-wrapper wp-block-button\"><a href=\"https:\/\/luxpetclub.com\/wp-content\/uploads\/2023\/03\/Forma_parosanas.xls\" class=\"uagb-infobox-cta-link wp-block-button__link\" target=\"_self\" rel=\"noopener noreferrer\" alt=\"\"><span class=\"uagb-inline-editing\">Lejupiel\u0101d\u0113t metiena re\u0123istr\u0101ciju lv<\/span><\/a><\/div><\/div><\/div>\n<\/div>\n<\/div><\/div>","protected":false},"excerpt":{"rendered":"<p>DOCUMENTS Documents for downloading<\/p>","protected":false},"author":1,"featured_media":0,"parent":0,"menu_order":0,"comment_status":"closed","ping_status":"closed","template":"","meta":{"_coblocks_attr":"","_coblocks_dimensions":"","_coblocks_responsive_height":"","_coblocks_accordion_ie_support":"","_uag_custom_page_level_css":"","site-sidebar-layout":"no-sidebar","site-content-layout":"plain-container","ast-site-content-layout":"default","site-content-style":"default","site-sidebar-style":"default","ast-global-header-display":"","ast-banner-title-visibility":"","ast-main-header-display":"","ast-hfb-above-header-display":"","ast-hfb-below-header-display":"","ast-hfb-mobile-header-display":"","site-post-title":"disabled","ast-breadcrumbs-content":"","ast-featured-img":"disabled","footer-sml-layout":"","ast-disable-related-posts":"","theme-transparent-header-meta":"enabled","adv-header-id-meta":"","stick-header-meta":"","header-above-stick-meta":"","header-main-stick-meta":"","header-below-stick-meta":"","astra-migrate-meta-layouts":"default","ast-page-background-enabled":"default","ast-page-background-meta":{"desktop":{"background-color":"","background-image":"","background-repeat":"repeat","background-position":"center center","background-size":"auto","background-attachment":"scroll","background-type":"","background-media":"","overlay-type":"","overlay-color":"","overlay-opacity":"","overlay-gradient":""},"tablet":{"background-color":"","background-image":"","background-repeat":"repeat","background-position":"center center","background-size":"auto","background-attachment":"scroll","background-type":"","background-media":"","overlay-type":"","overlay-color":"","overlay-opacity":"","overlay-gradient":""},"mobile":{"background-color":"","background-image":"","background-repeat":"repeat","background-position":"center center","background-size":"auto","background-attachment":"scroll","background-type":"","background-media":"","overlay-type":"","overlay-color":"","overlay-opacity":"","overlay-gradient":""}},"ast-content-background-meta":{"desktop":{"background-color":"var(--ast-global-color-5)","background-image":"","background-repeat":"repeat","background-position":"center center","background-size":"auto","background-attachment":"scroll","background-type":"","background-media":"","overlay-type":"","overlay-color":"","overlay-opacity":"","overlay-gradient":""},"tablet":{"background-color":"var(--ast-global-color-5)","background-image":"","background-repeat":"repeat","background-position":"center center","background-size":"auto","background-attachment":"scroll","background-type":"","background-media":"","overlay-type":"","overlay-color":"","overlay-opacity":"","overlay-gradient":""},"mobile":{"background-color":"var(--ast-global-color-5)","background-image":"","background-repeat":"repeat","background-position":"center center","background-size":"auto","background-attachment":"scroll","background-type":"","background-media":"","overlay-type":"","overlay-color":"","overlay-opacity":"","overlay-gradient":""}},"footnotes":""},"class_list":["post-1540","page","type-page","status-publish","hentry"],"yoast_head":"<!-- This site is optimized with the Yoast SEO plugin v27.5 - https:\/\/yoast.com\/product\/yoast-seo-wordpress\/ -->\n<title>Documents - Lux Pet Club<\/title>\n<meta name=\"robots\" content=\"index, follow, max-snippet:-1, max-image-preview:large, max-video-preview:-1\" \/>\n<link rel=\"canonical\" href=\"https:\/\/luxpetclub.com\/lv\/documents\/\" \/>\n<meta property=\"og:locale\" content=\"lv_LV\" \/>\n<meta property=\"og:type\" content=\"article\" \/>\n<meta property=\"og:title\" content=\"Documents - Lux Pet Club\" \/>\n<meta property=\"og:description\" content=\"DOCUMENTS Documents for downloading\" \/>\n<meta property=\"og:url\" content=\"https:\/\/luxpetclub.com\/lv\/documents\/\" \/>\n<meta property=\"og:site_name\" content=\"Lux Pet Club\" \/>\n<meta property=\"article:publisher\" content=\"https:\/\/www.facebook.com\/profile.php?id=100090334471320\" \/>\n<meta property=\"article:modified_time\" content=\"2023-03-04T10:28:22+00:00\" \/>\n<meta property=\"og:image\" content=\"https:\/\/luxpetclub.com\/wp-content\/uploads\/2023\/02\/IMG-20210803-WA0022-1024x682.jpg\" \/>\n<meta name=\"twitter:card\" content=\"summary_large_image\" \/>\n<meta name=\"twitter:label1\" content=\"Est. reading time\" \/>\n\t<meta name=\"twitter:data1\" content=\"2 min\u016btes\" \/>\n<script type=\"application\/ld+json\" class=\"yoast-schema-graph\">{\"@context\":\"https:\\\/\\\/schema.org\",\"@graph\":[{\"@type\":\"WebPage\",\"@id\":\"https:\\\/\\\/luxpetclub.com\\\/documents\\\/\",\"url\":\"https:\\\/\\\/luxpetclub.com\\\/documents\\\/\",\"name\":\"Documents - Lux Pet Club\",\"isPartOf\":{\"@id\":\"https:\\\/\\\/luxpetclub.com\\\/#website\"},\"primaryImageOfPage\":{\"@id\":\"https:\\\/\\\/luxpetclub.com\\\/documents\\\/#primaryimage\"},\"image\":{\"@id\":\"https:\\\/\\\/luxpetclub.com\\\/documents\\\/#primaryimage\"},\"thumbnailUrl\":\"https:\\\/\\\/luxpetclub.com\\\/wp-content\\\/uploads\\\/2023\\\/02\\\/IMG-20210803-WA0022-1024x682.jpg\",\"datePublished\":\"2023-02-03T09:11:25+00:00\",\"dateModified\":\"2023-03-04T10:28:22+00:00\",\"breadcrumb\":{\"@id\":\"https:\\\/\\\/luxpetclub.com\\\/documents\\\/#breadcrumb\"},\"inLanguage\":\"lv-LV\",\"potentialAction\":[{\"@type\":\"ReadAction\",\"target\":[\"https:\\\/\\\/luxpetclub.com\\\/documents\\\/\"]}]},{\"@type\":\"ImageObject\",\"inLanguage\":\"lv-LV\",\"@id\":\"https:\\\/\\\/luxpetclub.com\\\/documents\\\/#primaryimage\",\"url\":\"https:\\\/\\\/luxpetclub.com\\\/wp-content\\\/uploads\\\/2023\\\/02\\\/IMG-20210803-WA0022-1024x682.jpg\",\"contentUrl\":\"https:\\\/\\\/luxpetclub.com\\\/wp-content\\\/uploads\\\/2023\\\/02\\\/IMG-20210803-WA0022-1024x682.jpg\"},{\"@type\":\"BreadcrumbList\",\"@id\":\"https:\\\/\\\/luxpetclub.com\\\/documents\\\/#breadcrumb\",\"itemListElement\":[{\"@type\":\"ListItem\",\"position\":1,\"name\":\"Home\",\"item\":\"https:\\\/\\\/luxpetclub.com\\\/\"},{\"@type\":\"ListItem\",\"position\":2,\"name\":\"Documents\"}]},{\"@type\":\"WebSite\",\"@id\":\"https:\\\/\\\/luxpetclub.com\\\/#website\",\"url\":\"https:\\\/\\\/luxpetclub.com\\\/\",\"name\":\"Lux Pet Club\",\"description\":\"Club for breed dogs and cats\",\"publisher\":{\"@id\":\"https:\\\/\\\/luxpetclub.com\\\/#organization\"},\"potentialAction\":[{\"@type\":\"SearchAction\",\"target\":{\"@type\":\"EntryPoint\",\"urlTemplate\":\"https:\\\/\\\/luxpetclub.com\\\/?s={search_term_string}\"},\"query-input\":{\"@type\":\"PropertyValueSpecification\",\"valueRequired\":true,\"valueName\":\"search_term_string\"}}],\"inLanguage\":\"lv-LV\"},{\"@type\":\"Organization\",\"@id\":\"https:\\\/\\\/luxpetclub.com\\\/#organization\",\"name\":\"Lux Pet Club\",\"url\":\"https:\\\/\\\/luxpetclub.com\\\/\",\"logo\":{\"@type\":\"ImageObject\",\"inLanguage\":\"lv-LV\",\"@id\":\"https:\\\/\\\/luxpetclub.com\\\/#\\\/schema\\\/logo\\\/image\\\/\",\"url\":\"https:\\\/\\\/lm22c8.n3cdn1.secureserver.net\\\/wp-content\\\/uploads\\\/2023\\\/02\\\/logo-3rd.png?time=1679133477\",\"contentUrl\":\"https:\\\/\\\/lm22c8.n3cdn1.secureserver.net\\\/wp-content\\\/uploads\\\/2023\\\/02\\\/logo-3rd.png?time=1679133477\",\"width\":1023,\"height\":668,\"caption\":\"Lux Pet Club\"},\"image\":{\"@id\":\"https:\\\/\\\/luxpetclub.com\\\/#\\\/schema\\\/logo\\\/image\\\/\"},\"sameAs\":[\"https:\\\/\\\/www.facebook.com\\\/profile.php?id=100090334471320\",\"https:\\\/\\\/www.instagram.com\\\/luxpet.club\\\/\"]}]}<\/script>\n<!-- \/ Yoast SEO plugin. -->","yoast_head_json":{"title":"Documents - Lux Pet Club","robots":{"index":"index","follow":"follow","max-snippet":"max-snippet:-1","max-image-preview":"max-image-preview:large","max-video-preview":"max-video-preview:-1"},"canonical":"https:\/\/luxpetclub.com\/lv\/documents\/","og_locale":"lv_LV","og_type":"article","og_title":"Documents - Lux Pet Club","og_description":"DOCUMENTS Documents for downloading","og_url":"https:\/\/luxpetclub.com\/lv\/documents\/","og_site_name":"Lux Pet Club","article_publisher":"https:\/\/www.facebook.com\/profile.php?id=100090334471320","article_modified_time":"2023-03-04T10:28:22+00:00","og_image":[{"url":"https:\/\/luxpetclub.com\/wp-content\/uploads\/2023\/02\/IMG-20210803-WA0022-1024x682.jpg","type":"","width":"","height":""}],"twitter_card":"summary_large_image","twitter_misc":{"Est. reading time":"2 min\u016btes"},"schema":{"@context":"https:\/\/schema.org","@graph":[{"@type":"WebPage","@id":"https:\/\/luxpetclub.com\/documents\/","url":"https:\/\/luxpetclub.com\/documents\/","name":"Documents - Lux Pet Club","isPartOf":{"@id":"https:\/\/luxpetclub.com\/#website"},"primaryImageOfPage":{"@id":"https:\/\/luxpetclub.com\/documents\/#primaryimage"},"image":{"@id":"https:\/\/luxpetclub.com\/documents\/#primaryimage"},"thumbnailUrl":"https:\/\/luxpetclub.com\/wp-content\/uploads\/2023\/02\/IMG-20210803-WA0022-1024x682.jpg","datePublished":"2023-02-03T09:11:25+00:00","dateModified":"2023-03-04T10:28:22+00:00","breadcrumb":{"@id":"https:\/\/luxpetclub.com\/documents\/#breadcrumb"},"inLanguage":"lv-LV","potentialAction":[{"@type":"ReadAction","target":["https:\/\/luxpetclub.com\/documents\/"]}]},{"@type":"ImageObject","inLanguage":"lv-LV","@id":"https:\/\/luxpetclub.com\/documents\/#primaryimage","url":"https:\/\/luxpetclub.com\/wp-content\/uploads\/2023\/02\/IMG-20210803-WA0022-1024x682.jpg","contentUrl":"https:\/\/luxpetclub.com\/wp-content\/uploads\/2023\/02\/IMG-20210803-WA0022-1024x682.jpg"},{"@type":"BreadcrumbList","@id":"https:\/\/luxpetclub.com\/documents\/#breadcrumb","itemListElement":[{"@type":"ListItem","position":1,"name":"Home","item":"https:\/\/luxpetclub.com\/"},{"@type":"ListItem","position":2,"name":"Documents"}]},{"@type":"WebSite","@id":"https:\/\/luxpetclub.com\/#website","url":"https:\/\/luxpetclub.com\/","name":"Lux Pet Club","description":"Club for breed dogs and cats","publisher":{"@id":"https:\/\/luxpetclub.com\/#organization"},"potentialAction":[{"@type":"SearchAction","target":{"@type":"EntryPoint","urlTemplate":"https:\/\/luxpetclub.com\/?s={search_term_string}"},"query-input":{"@type":"PropertyValueSpecification","valueRequired":true,"valueName":"search_term_string"}}],"inLanguage":"lv-LV"},{"@type":"Organization","@id":"https:\/\/luxpetclub.com\/#organization","name":"Lux Pet Club","url":"https:\/\/luxpetclub.com\/","logo":{"@type":"ImageObject","inLanguage":"lv-LV","@id":"https:\/\/luxpetclub.com\/#\/schema\/logo\/image\/","url":"https:\/\/lm22c8.n3cdn1.secureserver.net\/wp-content\/uploads\/2023\/02\/logo-3rd.png?time=1679133477","contentUrl":"https:\/\/lm22c8.n3cdn1.secureserver.net\/wp-content\/uploads\/2023\/02\/logo-3rd.png?time=1679133477","width":1023,"height":668,"caption":"Lux Pet Club"},"image":{"@id":"https:\/\/luxpetclub.com\/#\/schema\/logo\/image\/"},"sameAs":["https:\/\/www.facebook.com\/profile.php?id=100090334471320","https:\/\/www.instagram.com\/luxpet.club\/"]}]}},"uagb_featured_image_src":{"full":false,"thumbnail":false,"medium":false,"medium_large":false,"large":false,"1536x1536":false,"2048x2048":false,"trp-custom-language-flag":false,"woocommerce_thumbnail":false,"woocommerce_single":false,"woocommerce_gallery_thumbnail":false},"uagb_author_info":{"display_name":"luxpetclub","author_link":"https:\/\/luxpetclub.com\/lv\/author\/luxpetclub\/"},"uagb_comment_info":0,"uagb_excerpt":"DOCUMENTS Documents for downloading","_links":{"self":[{"href":"https:\/\/luxpetclub.com\/lv\/wp-json\/wp\/v2\/pages\/1540","targetHints":{"allow":["GET"]}}],"collection":[{"href":"https:\/\/luxpetclub.com\/lv\/wp-json\/wp\/v2\/pages"}],"about":[{"href":"https:\/\/luxpetclub.com\/lv\/wp-json\/wp\/v2\/types\/page"}],"author":[{"embeddable":true,"href":"https:\/\/luxpetclub.com\/lv\/wp-json\/wp\/v2\/users\/1"}],"replies":[{"embeddable":true,"href":"https:\/\/luxpetclub.com\/lv\/wp-json\/wp\/v2\/comments?post=1540"}],"version-history":[{"count":14,"href":"https:\/\/luxpetclub.com\/lv\/wp-json\/wp\/v2\/pages\/1540\/revisions"}],"predecessor-version":[{"id":1882,"href":"https:\/\/luxpetclub.com\/lv\/wp-json\/wp\/v2\/pages\/1540\/revisions\/1882"}],"wp:attachment":[{"href":"https:\/\/luxpetclub.com\/lv\/wp-json\/wp\/v2\/media?parent=1540"}],"curies":[{"name":"wp","href":"https:\/\/api.w.org\/{rel}","templated":true}]}}