{"id":1535,"date":"2023-02-03T09:41:04","date_gmt":"2023-02-03T09:41:04","guid":{"rendered":"https:\/\/luxpetclub.com\/?page_id=1535"},"modified":"2023-05-18T11:43:56","modified_gmt":"2023-05-18T11:43:56","slug":"news","status":"publish","type":"page","link":"https:\/\/luxpetclub.com\/lv\/news\/","title":{"rendered":"M\u0113s iesak\u0101m"},"content":{"rendered":"<div class=\"wp-block-uagb-container uagb-block-be498349 alignfull uagb-is-root-container\"><div class=\"uagb-container-inner-blocks-wrap\">\n<div class=\"wp-block-uagb-advanced-heading uagb-block-817060a1\"><h1 class=\"uagb-heading-text\">M\u0112S IESAK\u0100M<\/h1><\/div>\n<\/div><\/div>\n\n\n\n<p><\/p>\n\n\n\n<h2 class=\"wp-block-heading has-text-align-center\"><strong>Veterin\u0101ras Kl\u012bnikas<\/strong><\/h2>\n\n\n\n<figure class=\"wp-block-table\"><table><tbody><tr><td><strong>KL\u012aNIKA<\/strong><\/td><td><strong>ADRESE<\/strong><\/td><td><strong>TELEFONS<\/strong><\/td><\/tr><tr><td>&#8220;<strong>Gabitis.lv<\/strong>&#8220;<\/td><td>Bultu 3, Riga, \u0136engarags, Riga LV-1057<\/td><td>+371 28373632<\/td><\/tr><tr><td>&#8220;<strong>Toto<\/strong>&#8220;<\/td><td>Slokas 134A, Riga LV-1069<\/td><td>+371 28 663 311<\/td><\/tr><tr><td><strong>&#8220;P\u013cavnieki&#8221;<\/strong><\/td><td>Jukuma Vacie\u0161a&nbsp; 1c Riga, LV-1021<\/td><td>+371 26499690 (Anatolijs Kovaljonoks)<\/td><\/tr><tr><td><strong>&#8220;Slokas&nbsp; Vetklinika&#8221;<\/strong><\/td><td>Tirzas 37, Jurmala LV-2011<\/td><td>+371 29285217<\/td><\/tr><tr><td><strong>&#8220;O.Reto&#8221;<\/strong><\/td><td>Miera 44, Daugavpils LV-5404<\/td><td>+371 27819333 (Oksana); +37128317817 (Dmitrijs)<br><\/td><\/tr><tr><td><strong>&#8220;LIVET&#8221;<\/strong><\/td><td>Jauna 34, Jekabpils LV-5201<\/td><td>+371 25666645<\/td><\/tr><tr><td><strong>&#8220;LIVET&#8221;<\/strong><\/td><td>R\u012bgas 100, Livani LV-5316<\/td><td>&nbsp;+371 25666645; +371 26381742<\/td><\/tr><\/tbody><\/table><\/figure>\n\n\n\n<h2 class=\"wp-block-heading has-text-align-center\"><strong>Veterin\u0101ras Kl\u012bnikas Acu Kop\u0161anai<\/strong><\/h2>\n\n\n\n<figure class=\"wp-block-table\"><table><tbody><tr><td><strong>KL\u012aNIKA<\/strong><\/td><td><strong>ADRESE<\/strong><\/td><td><strong>TELEFONS<\/strong><\/td><\/tr><tr><td><strong>&#8220;Kengaraga veterinary ambulance&#8221;<\/strong><\/td><td>Maza Rencenu 2, Riga, LV-1073<\/td><td>+371 22332753 (Eye doctor Jelena Oksa-Minalto)<\/td><\/tr><tr><td><strong>&#8220;Dz\u012bvnieku Vesel\u012bbas Centrs&#8221;<\/strong><\/td><td>Fr. Candera 4, Riga, LV-1046<\/td><td>+371 67500494; +371 29236681<\/td><\/tr><\/tbody><\/table><\/figure>","protected":false},"excerpt":{"rendered":"<p>OUR ADVISES Veterinary Clinics CLINIC ADDRESS PHONE &#8220;Gabitis.lv&#8220; Bultu 3, Riga, \u0136engarags, Riga LV-1057 +371 28373632 &#8220;Toto&#8220; Slokas 134A, Riga LV-1069 +371 28 663 311 &#8220;P\u013cavnieki&#8221; Jukuma Vacie\u0161a&nbsp; 1c Riga, LV-1021 +371 26499690 (Anatolijs Kovaljonoks) &#8220;Slokas&nbsp; Vetklinika&#8221; Tirzas 37, Jurmala LV-2011 +371 29285217 &#8220;O.Reto&#8221; Miera 44, Daugavpils LV-5404 +371 27819333 (Oksana); +37128317817 (Dmitrijs) &#8220;LIVET&#8221; Jauna [&hellip;]<\/p>\n","protected":false},"author":1,"featured_media":0,"parent":0,"menu_order":0,"comment_status":"closed","ping_status":"closed","template":"","meta":{"_coblocks_attr":"","_coblocks_dimensions":"","_coblocks_responsive_height":"","_coblocks_accordion_ie_support":"","_uag_custom_page_level_css":"","site-sidebar-layout":"no-sidebar","site-content-layout":"plain-container","ast-site-content-layout":"default","site-content-style":"default","site-sidebar-style":"default","ast-global-header-display":"","ast-banner-title-visibility":"","ast-main-header-display":"","ast-hfb-above-header-display":"","ast-hfb-below-header-display":"","ast-hfb-mobile-header-display":"","site-post-title":"disabled","ast-breadcrumbs-content":"","ast-featured-img":"disabled","footer-sml-layout":"","ast-disable-related-posts":"","theme-transparent-header-meta":"enabled","adv-header-id-meta":"","stick-header-meta":"","header-above-stick-meta":"","header-main-stick-meta":"","header-below-stick-meta":"","astra-migrate-meta-layouts":"default","ast-page-background-enabled":"default","ast-page-background-meta":{"desktop":{"background-color":"","background-image":"","background-repeat":"repeat","background-position":"center center","background-size":"auto","background-attachment":"scroll","background-type":"","background-media":"","overlay-type":"","overlay-color":"","overlay-opacity":"","overlay-gradient":""},"tablet":{"background-color":"","background-image":"","background-repeat":"repeat","background-position":"center center","background-size":"auto","background-attachment":"scroll","background-type":"","background-media":"","overlay-type":"","overlay-color":"","overlay-opacity":"","overlay-gradient":""},"mobile":{"background-color":"","background-image":"","background-repeat":"repeat","background-position":"center center","background-size":"auto","background-attachment":"scroll","background-type":"","background-media":"","overlay-type":"","overlay-color":"","overlay-opacity":"","overlay-gradient":""}},"ast-content-background-meta":{"desktop":{"background-color":"var(--ast-global-color-5)","background-image":"","background-repeat":"repeat","background-position":"center center","background-size":"auto","background-attachment":"scroll","background-type":"","background-media":"","overlay-type":"","overlay-color":"","overlay-opacity":"","overlay-gradient":""},"tablet":{"background-color":"var(--ast-global-color-5)","background-image":"","background-repeat":"repeat","background-position":"center center","background-size":"auto","background-attachment":"scroll","background-type":"","background-media":"","overlay-type":"","overlay-color":"","overlay-opacity":"","overlay-gradient":""},"mobile":{"background-color":"var(--ast-global-color-5)","background-image":"","background-repeat":"repeat","background-position":"center center","background-size":"auto","background-attachment":"scroll","background-type":"","background-media":"","overlay-type":"","overlay-color":"","overlay-opacity":"","overlay-gradient":""}},"footnotes":""},"class_list":["post-1535","page","type-page","status-publish","hentry"],"yoast_head":"<!-- This site is optimized with the Yoast SEO plugin v27.5 - https:\/\/yoast.com\/product\/yoast-seo-wordpress\/ -->\n<title>Our advises - Lux Pet Club<\/title>\n<meta name=\"robots\" content=\"index, follow, max-snippet:-1, max-image-preview:large, max-video-preview:-1\" \/>\n<link rel=\"canonical\" href=\"https:\/\/luxpetclub.com\/lv\/news\/\" \/>\n<meta property=\"og:locale\" content=\"lv_LV\" \/>\n<meta property=\"og:type\" content=\"article\" \/>\n<meta property=\"og:title\" content=\"Our advises - Lux Pet Club\" \/>\n<meta property=\"og:description\" content=\"OUR ADVISES Veterinary Clinics CLINIC ADDRESS PHONE &#8220;Gabitis.lv&#8220; Bultu 3, Riga, \u0136engarags, Riga LV-1057 +371 28373632 &#8220;Toto&#8220; Slokas 134A, Riga LV-1069 +371 28 663 311 &#8220;P\u013cavnieki&#8221; Jukuma Vacie\u0161a&nbsp; 1c Riga, LV-1021 +371 26499690 (Anatolijs Kovaljonoks) &#8220;Slokas&nbsp; Vetklinika&#8221; Tirzas 37, Jurmala LV-2011 +371 29285217 &#8220;O.Reto&#8221; Miera 44, Daugavpils LV-5404 +371 27819333 (Oksana); +37128317817 (Dmitrijs) &#8220;LIVET&#8221; Jauna [&hellip;]\" \/>\n<meta property=\"og:url\" content=\"https:\/\/luxpetclub.com\/lv\/news\/\" \/>\n<meta property=\"og:site_name\" content=\"Lux Pet Club\" \/>\n<meta property=\"article:publisher\" content=\"https:\/\/www.facebook.com\/profile.php?id=100090334471320\" \/>\n<meta property=\"article:modified_time\" content=\"2023-05-18T11:43:56+00:00\" \/>\n<meta name=\"twitter:card\" content=\"summary_large_image\" \/>\n<meta name=\"twitter:label1\" content=\"Est. reading time\" \/>\n\t<meta name=\"twitter:data1\" content=\"1 min\u016bte\" \/>\n<script type=\"application\/ld+json\" class=\"yoast-schema-graph\">{\"@context\":\"https:\\\/\\\/schema.org\",\"@graph\":[{\"@type\":\"WebPage\",\"@id\":\"https:\\\/\\\/luxpetclub.com\\\/news\\\/\",\"url\":\"https:\\\/\\\/luxpetclub.com\\\/news\\\/\",\"name\":\"Our advises - Lux Pet Club\",\"isPartOf\":{\"@id\":\"https:\\\/\\\/luxpetclub.com\\\/#website\"},\"datePublished\":\"2023-02-03T09:41:04+00:00\",\"dateModified\":\"2023-05-18T11:43:56+00:00\",\"breadcrumb\":{\"@id\":\"https:\\\/\\\/luxpetclub.com\\\/news\\\/#breadcrumb\"},\"inLanguage\":\"lv-LV\",\"potentialAction\":[{\"@type\":\"ReadAction\",\"target\":[\"https:\\\/\\\/luxpetclub.com\\\/news\\\/\"]}]},{\"@type\":\"BreadcrumbList\",\"@id\":\"https:\\\/\\\/luxpetclub.com\\\/news\\\/#breadcrumb\",\"itemListElement\":[{\"@type\":\"ListItem\",\"position\":1,\"name\":\"Home\",\"item\":\"https:\\\/\\\/luxpetclub.com\\\/\"},{\"@type\":\"ListItem\",\"position\":2,\"name\":\"Our advises\"}]},{\"@type\":\"WebSite\",\"@id\":\"https:\\\/\\\/luxpetclub.com\\\/#website\",\"url\":\"https:\\\/\\\/luxpetclub.com\\\/\",\"name\":\"Lux Pet Club\",\"description\":\"Club for breed dogs and cats\",\"publisher\":{\"@id\":\"https:\\\/\\\/luxpetclub.com\\\/#organization\"},\"potentialAction\":[{\"@type\":\"SearchAction\",\"target\":{\"@type\":\"EntryPoint\",\"urlTemplate\":\"https:\\\/\\\/luxpetclub.com\\\/?s={search_term_string}\"},\"query-input\":{\"@type\":\"PropertyValueSpecification\",\"valueRequired\":true,\"valueName\":\"search_term_string\"}}],\"inLanguage\":\"lv-LV\"},{\"@type\":\"Organization\",\"@id\":\"https:\\\/\\\/luxpetclub.com\\\/#organization\",\"name\":\"Lux Pet Club\",\"url\":\"https:\\\/\\\/luxpetclub.com\\\/\",\"logo\":{\"@type\":\"ImageObject\",\"inLanguage\":\"lv-LV\",\"@id\":\"https:\\\/\\\/luxpetclub.com\\\/#\\\/schema\\\/logo\\\/image\\\/\",\"url\":\"https:\\\/\\\/lm22c8.n3cdn1.secureserver.net\\\/wp-content\\\/uploads\\\/2023\\\/02\\\/logo-3rd.png?time=1679133477\",\"contentUrl\":\"https:\\\/\\\/lm22c8.n3cdn1.secureserver.net\\\/wp-content\\\/uploads\\\/2023\\\/02\\\/logo-3rd.png?time=1679133477\",\"width\":1023,\"height\":668,\"caption\":\"Lux Pet Club\"},\"image\":{\"@id\":\"https:\\\/\\\/luxpetclub.com\\\/#\\\/schema\\\/logo\\\/image\\\/\"},\"sameAs\":[\"https:\\\/\\\/www.facebook.com\\\/profile.php?id=100090334471320\",\"https:\\\/\\\/www.instagram.com\\\/luxpet.club\\\/\"]}]}<\/script>\n<!-- \/ Yoast SEO plugin. -->","yoast_head_json":{"title":"Our advises - Lux Pet Club","robots":{"index":"index","follow":"follow","max-snippet":"max-snippet:-1","max-image-preview":"max-image-preview:large","max-video-preview":"max-video-preview:-1"},"canonical":"https:\/\/luxpetclub.com\/lv\/news\/","og_locale":"lv_LV","og_type":"article","og_title":"Our advises - Lux Pet Club","og_description":"OUR ADVISES Veterinary Clinics CLINIC ADDRESS PHONE &#8220;Gabitis.lv&#8220; Bultu 3, Riga, \u0136engarags, Riga LV-1057 +371 28373632 &#8220;Toto&#8220; Slokas 134A, Riga LV-1069 +371 28 663 311 &#8220;P\u013cavnieki&#8221; Jukuma Vacie\u0161a&nbsp; 1c Riga, LV-1021 +371 26499690 (Anatolijs Kovaljonoks) &#8220;Slokas&nbsp; Vetklinika&#8221; Tirzas 37, Jurmala LV-2011 +371 29285217 &#8220;O.Reto&#8221; Miera 44, Daugavpils LV-5404 +371 27819333 (Oksana); +37128317817 (Dmitrijs) &#8220;LIVET&#8221; Jauna [&hellip;]","og_url":"https:\/\/luxpetclub.com\/lv\/news\/","og_site_name":"Lux Pet Club","article_publisher":"https:\/\/www.facebook.com\/profile.php?id=100090334471320","article_modified_time":"2023-05-18T11:43:56+00:00","twitter_card":"summary_large_image","twitter_misc":{"Est. reading time":"1 min\u016bte"},"schema":{"@context":"https:\/\/schema.org","@graph":[{"@type":"WebPage","@id":"https:\/\/luxpetclub.com\/news\/","url":"https:\/\/luxpetclub.com\/news\/","name":"Our advises - Lux Pet Club","isPartOf":{"@id":"https:\/\/luxpetclub.com\/#website"},"datePublished":"2023-02-03T09:41:04+00:00","dateModified":"2023-05-18T11:43:56+00:00","breadcrumb":{"@id":"https:\/\/luxpetclub.com\/news\/#breadcrumb"},"inLanguage":"lv-LV","potentialAction":[{"@type":"ReadAction","target":["https:\/\/luxpetclub.com\/news\/"]}]},{"@type":"BreadcrumbList","@id":"https:\/\/luxpetclub.com\/news\/#breadcrumb","itemListElement":[{"@type":"ListItem","position":1,"name":"Home","item":"https:\/\/luxpetclub.com\/"},{"@type":"ListItem","position":2,"name":"Our advises"}]},{"@type":"WebSite","@id":"https:\/\/luxpetclub.com\/#website","url":"https:\/\/luxpetclub.com\/","name":"Lux Pet Club","description":"Club for breed dogs and cats","publisher":{"@id":"https:\/\/luxpetclub.com\/#organization"},"potentialAction":[{"@type":"SearchAction","target":{"@type":"EntryPoint","urlTemplate":"https:\/\/luxpetclub.com\/?s={search_term_string}"},"query-input":{"@type":"PropertyValueSpecification","valueRequired":true,"valueName":"search_term_string"}}],"inLanguage":"lv-LV"},{"@type":"Organization","@id":"https:\/\/luxpetclub.com\/#organization","name":"Lux Pet Club","url":"https:\/\/luxpetclub.com\/","logo":{"@type":"ImageObject","inLanguage":"lv-LV","@id":"https:\/\/luxpetclub.com\/#\/schema\/logo\/image\/","url":"https:\/\/lm22c8.n3cdn1.secureserver.net\/wp-content\/uploads\/2023\/02\/logo-3rd.png?time=1679133477","contentUrl":"https:\/\/lm22c8.n3cdn1.secureserver.net\/wp-content\/uploads\/2023\/02\/logo-3rd.png?time=1679133477","width":1023,"height":668,"caption":"Lux Pet Club"},"image":{"@id":"https:\/\/luxpetclub.com\/#\/schema\/logo\/image\/"},"sameAs":["https:\/\/www.facebook.com\/profile.php?id=100090334471320","https:\/\/www.instagram.com\/luxpet.club\/"]}]}},"uagb_featured_image_src":{"full":false,"thumbnail":false,"medium":false,"medium_large":false,"large":false,"1536x1536":false,"2048x2048":false,"trp-custom-language-flag":false,"woocommerce_thumbnail":false,"woocommerce_single":false,"woocommerce_gallery_thumbnail":false},"uagb_author_info":{"display_name":"luxpetclub","author_link":"https:\/\/luxpetclub.com\/lv\/author\/luxpetclub\/"},"uagb_comment_info":0,"uagb_excerpt":"OUR ADVISES Veterinary Clinics CLINIC ADDRESS PHONE &#8220;Gabitis.lv&#8220; Bultu 3, Riga, \u0136engarags, Riga LV-1057 +371 28373632 &#8220;Toto&#8220; Slokas 134A, Riga LV-1069 +371 28 663 311 &#8220;P\u013cavnieki&#8221; Jukuma Vacie\u0161a&nbsp; 1c Riga, LV-1021 +371 26499690 (Anatolijs Kovaljonoks) &#8220;Slokas&nbsp; Vetklinika&#8221; Tirzas 37, Jurmala LV-2011 +371 29285217 &#8220;O.Reto&#8221; Miera 44, Daugavpils LV-5404 +371 27819333 (Oksana); +37128317817 (Dmitrijs) &#8220;LIVET&#8221; Jauna&hellip;","_links":{"self":[{"href":"https:\/\/luxpetclub.com\/lv\/wp-json\/wp\/v2\/pages\/1535","targetHints":{"allow":["GET"]}}],"collection":[{"href":"https:\/\/luxpetclub.com\/lv\/wp-json\/wp\/v2\/pages"}],"about":[{"href":"https:\/\/luxpetclub.com\/lv\/wp-json\/wp\/v2\/types\/page"}],"author":[{"embeddable":true,"href":"https:\/\/luxpetclub.com\/lv\/wp-json\/wp\/v2\/users\/1"}],"replies":[{"embeddable":true,"href":"https:\/\/luxpetclub.com\/lv\/wp-json\/wp\/v2\/comments?post=1535"}],"version-history":[{"count":18,"href":"https:\/\/luxpetclub.com\/lv\/wp-json\/wp\/v2\/pages\/1535\/revisions"}],"predecessor-version":[{"id":1936,"href":"https:\/\/luxpetclub.com\/lv\/wp-json\/wp\/v2\/pages\/1535\/revisions\/1936"}],"wp:attachment":[{"href":"https:\/\/luxpetclub.com\/lv\/wp-json\/wp\/v2\/media?parent=1535"}],"curies":[{"name":"wp","href":"https:\/\/api.w.org\/{rel}","templated":true}]}}