{"id":1533,"date":"2023-02-03T09:39:26","date_gmt":"2023-02-03T09:39:26","guid":{"rendered":"https:\/\/luxpetclub.com\/?page_id=1533"},"modified":"2023-02-28T20:18:16","modified_gmt":"2023-02-28T20:18:16","slug":"shows","status":"publish","type":"page","link":"https:\/\/luxpetclub.com\/lv\/shows\/","title":{"rendered":"Izst\u0101des"},"content":{"rendered":"<div class=\"wp-block-uagb-container uagb-block-24805298 alignfull uagb-is-root-container\"><div class=\"uagb-container-inner-blocks-wrap\">\n<div class=\"wp-block-uagb-advanced-heading uagb-block-7141ea55\"><h1 class=\"uagb-heading-text\">IZST\u0100DES<\/h1><\/div>\n<\/div><\/div>\n\n\n\n<div class=\"wp-block-uagb-container uagb-block-e0a1fcf7 alignfull uagb-is-root-container\"><div class=\"uagb-container-inner-blocks-wrap\">\n<h5 id=\"m_1374288814149392497i3x-cke__body\"><strong>LKBA 2023. gada izst\u0101\u017eu saraksts<\/strong><\/h5>\n<h5><strong>MARTS 2023<\/strong><\/h5>\n<h5><strong>05.03.2023<\/strong> <strong>&#8211;<\/strong> <strong>&#8220;Triumph Baltic&#8221;<\/strong>, Dino Zoo Pasaule (Krasta 52, Riga) (CAC)<br \/><strong>18.03-19.03.2023<\/strong> <strong>&#8211;<\/strong> <strong>&#8220;Favor\u012bts&#8221;<\/strong>, Dino Zoo Pasaule (Krasta 52, Riga) (CAC)<\/h5>\n<h5><strong>MAIJS 2023<\/strong><\/h5>\n<h5><strong>27.05.-28.05.2023<\/strong> <strong>\u2013 LKBA, \"Starptautisk\u0101 su\u0146u izst\u0101de\"<\/strong> (CACIB) (Dino Zoo Pasaule (Krasta 52, Riga))<\/h5>\n<h5><strong>J\u016aNIJS 2023<\/strong><\/h5>\n<h5><strong>03.06.2023 \u2013 &#8220;Golden Dog&#8221;,<\/strong> Aizkraukle (Aizkraukles kauss, CAC)<br \/><strong>10.06.2023 &#8211; &#8220;Triumph Baltic&#8221;<\/strong>, Liksna, Daugavpils rajons (CAC)<\/h5>\n<h5 id=\"tw-target-text\" class=\"tw-data-text tw-text-large tw-ta\" dir=\"ltr\" data-placeholder=\"\u041f\u0435\u0440\u0435\u0432\u043e\u0434\"><strong><span class=\"Y2IQFc\" lang=\"en\">Uzman\u012bbu! <\/span><\/strong><\/h5>\n<h5 class=\"tw-data-text tw-text-large tw-ta\" dir=\"ltr\" data-placeholder=\"\u041f\u0435\u0440\u0435\u0432\u043e\u0434\"><strong><span class=\"Y2IQFc\" lang=\"en\">Izst\u0101des re\u0123istr\u0101cijas noteikumi:\nJa s\u016bt\u0101t pieteikumu re\u0123istr\u0113ties izst\u0101dei uz e-pastu klubs@favoritinfo.lv vai  luxpet.club@gmail.com, tad:<\/span><\/strong><\/h5>\n<h5 id=\"tw-target-text\" class=\"tw-data-text tw-text-large tw-ta\" dir=\"ltr\" data-placeholder=\"\u041f\u0435\u0440\u0435\u0432\u043e\u0434\"><span class=\"Y2IQFc\" lang=\"en\">1. Uzrakstiet pilnu su\u0146a v\u0101rdu (k\u0101 ciltsrakst\u0101) <\/span><\/h5>\n<h5 class=\"tw-data-text tw-text-large tw-ta\" dir=\"ltr\" data-placeholder=\"\u041f\u0435\u0440\u0435\u0432\u043e\u0434\"><span class=\"Y2IQFc\" lang=\"en\">2. Su\u0146u \u0161\u0137irne <\/span><\/h5>\n<h5 class=\"tw-data-text tw-text-large tw-ta\" dir=\"ltr\" data-placeholder=\"\u041f\u0435\u0440\u0435\u0432\u043e\u0434\"><span class=\"Y2IQFc\" lang=\"en\">3. Su\u0146a dzim\u0161anas datums <\/span><\/h5>\n<h5 class=\"tw-data-text tw-text-large tw-ta\" dir=\"ltr\" data-placeholder=\"\u041f\u0435\u0440\u0435\u0432\u043e\u0434\"><span class=\"Y2IQFc\" lang=\"en\">4. Su\u0146a \u012bpa\u0161nieka v\u0101rds ( V\u0101rds Uzv\u0101rds) <\/span><\/h5>\n<h5 class=\"tw-data-text tw-text-large tw-ta\" dir=\"ltr\" data-placeholder=\"\u041f\u0435\u0440\u0435\u0432\u043e\u0434\"><span class=\"Y2IQFc\" lang=\"en\">5. Ciltsraksta kopija <\/span><\/h5>\n<h5><span class=\"Y2IQFc\" lang=\"en\">6. Ja sunim ir tituli tad nor\u0101diet tos <\/span><\/h5>\n<h5><span class=\"Y2IQFc\" lang=\"en\">7. Kontaktt\u0101lru\u0146a numurs (lai ar jums sazin\u0101tos un nos\u016bt\u012btu ringu laiku)<\/span><\/h5>\n<h5 class=\"tw-data-text tw-text-large tw-ta\" dir=\"ltr\" data-placeholder=\"\u041f\u0435\u0440\u0435\u0432\u043e\u0434\"><br \/><strong>Ja k\u0101du pamatotu iemeslu d\u0113\u013c nevari piedal\u012bties izst\u0101d\u0113 un jau esi re\u0123istr\u0113jies, tad rakstot ka neb\u016bsi, nor\u0101di:<\/strong><br \/>1. k\u0101ds ir j\u016bsu su\u0146a v\u0101rds<br \/>2. \u0161\u0137irne<br \/>Lai m\u0113s zin\u0101tu kur\u0161 neb\u016bs izst\u0101d\u0113, jo p\u0113c t\u0101lru\u0146a numura nav \u013coti viegli noteikt kur\u0161 raksta ka t\u0101 neb\u016bs.<\/h5>\n<\/div><\/div>","protected":false},"excerpt":{"rendered":"<p>SHOWS LKBA 2023 SHOWS LIST MARCH 2023 05.03.2023 &#8211; &#8220;Triumph Baltic&#8221;, Dino Zoo Pasaule (Krasta 52, Riga) (CAC)18.03-19.03.2023 &#8211; &#8220;Favor\u012bts&#8221;, Dino Zoo Pasaule (Krasta 52, Riga) (CAC) MAY 2023 27.05.-28.05.2023 \u2013 LKBA, &#8220;International dog show&#8221; (CACIB) (Dino Zoo Pasaule (Krasta 52, Riga)) JUNE 2023 03.06.2023 \u2013 &#8220;Golden Dog&#8221;, Aizkraukle (Aizkraukles kauss, CAC)10.06.2023 &#8211; &#8220;Triumph Baltic&#8221;, [&hellip;]<\/p>\n","protected":false},"author":1,"featured_media":0,"parent":0,"menu_order":0,"comment_status":"closed","ping_status":"closed","template":"","meta":{"_coblocks_attr":"","_coblocks_dimensions":"","_coblocks_responsive_height":"","_coblocks_accordion_ie_support":"","_uag_custom_page_level_css":"","site-sidebar-layout":"no-sidebar","site-content-layout":"plain-container","ast-site-content-layout":"default","site-content-style":"default","site-sidebar-style":"default","ast-global-header-display":"","ast-banner-title-visibility":"","ast-main-header-display":"","ast-hfb-above-header-display":"","ast-hfb-below-header-display":"","ast-hfb-mobile-header-display":"","site-post-title":"disabled","ast-breadcrumbs-content":"","ast-featured-img":"disabled","footer-sml-layout":"","ast-disable-related-posts":"","theme-transparent-header-meta":"enabled","adv-header-id-meta":"","stick-header-meta":"","header-above-stick-meta":"","header-main-stick-meta":"","header-below-stick-meta":"","astra-migrate-meta-layouts":"default","ast-page-background-enabled":"default","ast-page-background-meta":{"desktop":{"background-color":"","background-image":"","background-repeat":"repeat","background-position":"center center","background-size":"auto","background-attachment":"scroll","background-type":"","background-media":"","overlay-type":"","overlay-color":"","overlay-opacity":"","overlay-gradient":""},"tablet":{"background-color":"","background-image":"","background-repeat":"repeat","background-position":"center center","background-size":"auto","background-attachment":"scroll","background-type":"","background-media":"","overlay-type":"","overlay-color":"","overlay-opacity":"","overlay-gradient":""},"mobile":{"background-color":"","background-image":"","background-repeat":"repeat","background-position":"center center","background-size":"auto","background-attachment":"scroll","background-type":"","background-media":"","overlay-type":"","overlay-color":"","overlay-opacity":"","overlay-gradient":""}},"ast-content-background-meta":{"desktop":{"background-color":"var(--ast-global-color-5)","background-image":"","background-repeat":"repeat","background-position":"center center","background-size":"auto","background-attachment":"scroll","background-type":"","background-media":"","overlay-type":"","overlay-color":"","overlay-opacity":"","overlay-gradient":""},"tablet":{"background-color":"var(--ast-global-color-5)","background-image":"","background-repeat":"repeat","background-position":"center center","background-size":"auto","background-attachment":"scroll","background-type":"","background-media":"","overlay-type":"","overlay-color":"","overlay-opacity":"","overlay-gradient":""},"mobile":{"background-color":"var(--ast-global-color-5)","background-image":"","background-repeat":"repeat","background-position":"center center","background-size":"auto","background-attachment":"scroll","background-type":"","background-media":"","overlay-type":"","overlay-color":"","overlay-opacity":"","overlay-gradient":""}},"footnotes":""},"class_list":["post-1533","page","type-page","status-publish","hentry"],"yoast_head":"<!-- This site is optimized with the Yoast SEO plugin v27.5 - https:\/\/yoast.com\/product\/yoast-seo-wordpress\/ -->\n<title>Shows - Lux Pet Club<\/title>\n<meta name=\"robots\" content=\"index, follow, max-snippet:-1, max-image-preview:large, max-video-preview:-1\" \/>\n<link rel=\"canonical\" href=\"https:\/\/luxpetclub.com\/lv\/shows\/\" \/>\n<meta property=\"og:locale\" content=\"lv_LV\" \/>\n<meta property=\"og:type\" content=\"article\" \/>\n<meta property=\"og:title\" content=\"Shows - Lux Pet Club\" \/>\n<meta property=\"og:description\" content=\"SHOWS LKBA 2023 SHOWS LIST MARCH 2023 05.03.2023 &#8211; &#8220;Triumph Baltic&#8221;, Dino Zoo Pasaule (Krasta 52, Riga) (CAC)18.03-19.03.2023 &#8211; &#8220;Favor\u012bts&#8221;, Dino Zoo Pasaule (Krasta 52, Riga) (CAC) MAY 2023 27.05.-28.05.2023 \u2013 LKBA, &#8220;International dog show&#8221; (CACIB) (Dino Zoo Pasaule (Krasta 52, Riga)) JUNE 2023 03.06.2023 \u2013 &#8220;Golden Dog&#8221;, Aizkraukle (Aizkraukles kauss, CAC)10.06.2023 &#8211; &#8220;Triumph Baltic&#8221;, [&hellip;]\" \/>\n<meta property=\"og:url\" content=\"https:\/\/luxpetclub.com\/lv\/shows\/\" \/>\n<meta property=\"og:site_name\" content=\"Lux Pet Club\" \/>\n<meta property=\"article:publisher\" content=\"https:\/\/www.facebook.com\/profile.php?id=100090334471320\" \/>\n<meta property=\"article:modified_time\" content=\"2023-02-28T20:18:16+00:00\" \/>\n<meta name=\"twitter:card\" content=\"summary_large_image\" \/>\n<meta name=\"twitter:label1\" content=\"Est. reading time\" \/>\n\t<meta name=\"twitter:data1\" content=\"2 min\u016btes\" \/>\n<script type=\"application\/ld+json\" class=\"yoast-schema-graph\">{\"@context\":\"https:\\\/\\\/schema.org\",\"@graph\":[{\"@type\":\"WebPage\",\"@id\":\"https:\\\/\\\/luxpetclub.com\\\/shows\\\/\",\"url\":\"https:\\\/\\\/luxpetclub.com\\\/shows\\\/\",\"name\":\"Shows - Lux Pet Club\",\"isPartOf\":{\"@id\":\"https:\\\/\\\/luxpetclub.com\\\/#website\"},\"datePublished\":\"2023-02-03T09:39:26+00:00\",\"dateModified\":\"2023-02-28T20:18:16+00:00\",\"breadcrumb\":{\"@id\":\"https:\\\/\\\/luxpetclub.com\\\/shows\\\/#breadcrumb\"},\"inLanguage\":\"lv-LV\",\"potentialAction\":[{\"@type\":\"ReadAction\",\"target\":[\"https:\\\/\\\/luxpetclub.com\\\/shows\\\/\"]}]},{\"@type\":\"BreadcrumbList\",\"@id\":\"https:\\\/\\\/luxpetclub.com\\\/shows\\\/#breadcrumb\",\"itemListElement\":[{\"@type\":\"ListItem\",\"position\":1,\"name\":\"Home\",\"item\":\"https:\\\/\\\/luxpetclub.com\\\/\"},{\"@type\":\"ListItem\",\"position\":2,\"name\":\"Shows\"}]},{\"@type\":\"WebSite\",\"@id\":\"https:\\\/\\\/luxpetclub.com\\\/#website\",\"url\":\"https:\\\/\\\/luxpetclub.com\\\/\",\"name\":\"Lux Pet Club\",\"description\":\"Club for breed dogs and cats\",\"publisher\":{\"@id\":\"https:\\\/\\\/luxpetclub.com\\\/#organization\"},\"potentialAction\":[{\"@type\":\"SearchAction\",\"target\":{\"@type\":\"EntryPoint\",\"urlTemplate\":\"https:\\\/\\\/luxpetclub.com\\\/?s={search_term_string}\"},\"query-input\":{\"@type\":\"PropertyValueSpecification\",\"valueRequired\":true,\"valueName\":\"search_term_string\"}}],\"inLanguage\":\"lv-LV\"},{\"@type\":\"Organization\",\"@id\":\"https:\\\/\\\/luxpetclub.com\\\/#organization\",\"name\":\"Lux Pet Club\",\"url\":\"https:\\\/\\\/luxpetclub.com\\\/\",\"logo\":{\"@type\":\"ImageObject\",\"inLanguage\":\"lv-LV\",\"@id\":\"https:\\\/\\\/luxpetclub.com\\\/#\\\/schema\\\/logo\\\/image\\\/\",\"url\":\"https:\\\/\\\/lm22c8.n3cdn1.secureserver.net\\\/wp-content\\\/uploads\\\/2023\\\/02\\\/logo-3rd.png?time=1679133477\",\"contentUrl\":\"https:\\\/\\\/lm22c8.n3cdn1.secureserver.net\\\/wp-content\\\/uploads\\\/2023\\\/02\\\/logo-3rd.png?time=1679133477\",\"width\":1023,\"height\":668,\"caption\":\"Lux Pet Club\"},\"image\":{\"@id\":\"https:\\\/\\\/luxpetclub.com\\\/#\\\/schema\\\/logo\\\/image\\\/\"},\"sameAs\":[\"https:\\\/\\\/www.facebook.com\\\/profile.php?id=100090334471320\",\"https:\\\/\\\/www.instagram.com\\\/luxpet.club\\\/\"]}]}<\/script>\n<!-- \/ Yoast SEO plugin. -->","yoast_head_json":{"title":"Shows - Lux Pet Club","robots":{"index":"index","follow":"follow","max-snippet":"max-snippet:-1","max-image-preview":"max-image-preview:large","max-video-preview":"max-video-preview:-1"},"canonical":"https:\/\/luxpetclub.com\/lv\/shows\/","og_locale":"lv_LV","og_type":"article","og_title":"Shows - Lux Pet Club","og_description":"SHOWS LKBA 2023 SHOWS LIST MARCH 2023 05.03.2023 &#8211; &#8220;Triumph Baltic&#8221;, Dino Zoo Pasaule (Krasta 52, Riga) (CAC)18.03-19.03.2023 &#8211; &#8220;Favor\u012bts&#8221;, Dino Zoo Pasaule (Krasta 52, Riga) (CAC) MAY 2023 27.05.-28.05.2023 \u2013 LKBA, &#8220;International dog show&#8221; (CACIB) (Dino Zoo Pasaule (Krasta 52, Riga)) JUNE 2023 03.06.2023 \u2013 &#8220;Golden Dog&#8221;, Aizkraukle (Aizkraukles kauss, CAC)10.06.2023 &#8211; &#8220;Triumph Baltic&#8221;, [&hellip;]","og_url":"https:\/\/luxpetclub.com\/lv\/shows\/","og_site_name":"Lux Pet Club","article_publisher":"https:\/\/www.facebook.com\/profile.php?id=100090334471320","article_modified_time":"2023-02-28T20:18:16+00:00","twitter_card":"summary_large_image","twitter_misc":{"Est. reading time":"2 min\u016btes"},"schema":{"@context":"https:\/\/schema.org","@graph":[{"@type":"WebPage","@id":"https:\/\/luxpetclub.com\/shows\/","url":"https:\/\/luxpetclub.com\/shows\/","name":"Shows - Lux Pet Club","isPartOf":{"@id":"https:\/\/luxpetclub.com\/#website"},"datePublished":"2023-02-03T09:39:26+00:00","dateModified":"2023-02-28T20:18:16+00:00","breadcrumb":{"@id":"https:\/\/luxpetclub.com\/shows\/#breadcrumb"},"inLanguage":"lv-LV","potentialAction":[{"@type":"ReadAction","target":["https:\/\/luxpetclub.com\/shows\/"]}]},{"@type":"BreadcrumbList","@id":"https:\/\/luxpetclub.com\/shows\/#breadcrumb","itemListElement":[{"@type":"ListItem","position":1,"name":"Home","item":"https:\/\/luxpetclub.com\/"},{"@type":"ListItem","position":2,"name":"Shows"}]},{"@type":"WebSite","@id":"https:\/\/luxpetclub.com\/#website","url":"https:\/\/luxpetclub.com\/","name":"Lux Pet Club","description":"Club for breed dogs and cats","publisher":{"@id":"https:\/\/luxpetclub.com\/#organization"},"potentialAction":[{"@type":"SearchAction","target":{"@type":"EntryPoint","urlTemplate":"https:\/\/luxpetclub.com\/?s={search_term_string}"},"query-input":{"@type":"PropertyValueSpecification","valueRequired":true,"valueName":"search_term_string"}}],"inLanguage":"lv-LV"},{"@type":"Organization","@id":"https:\/\/luxpetclub.com\/#organization","name":"Lux Pet Club","url":"https:\/\/luxpetclub.com\/","logo":{"@type":"ImageObject","inLanguage":"lv-LV","@id":"https:\/\/luxpetclub.com\/#\/schema\/logo\/image\/","url":"https:\/\/lm22c8.n3cdn1.secureserver.net\/wp-content\/uploads\/2023\/02\/logo-3rd.png?time=1679133477","contentUrl":"https:\/\/lm22c8.n3cdn1.secureserver.net\/wp-content\/uploads\/2023\/02\/logo-3rd.png?time=1679133477","width":1023,"height":668,"caption":"Lux Pet Club"},"image":{"@id":"https:\/\/luxpetclub.com\/#\/schema\/logo\/image\/"},"sameAs":["https:\/\/www.facebook.com\/profile.php?id=100090334471320","https:\/\/www.instagram.com\/luxpet.club\/"]}]}},"uagb_featured_image_src":{"full":false,"thumbnail":false,"medium":false,"medium_large":false,"large":false,"1536x1536":false,"2048x2048":false,"trp-custom-language-flag":false,"woocommerce_thumbnail":false,"woocommerce_single":false,"woocommerce_gallery_thumbnail":false},"uagb_author_info":{"display_name":"luxpetclub","author_link":"https:\/\/luxpetclub.com\/lv\/author\/luxpetclub\/"},"uagb_comment_info":0,"uagb_excerpt":"SHOWS LKBA 2023 SHOWS LIST MARCH 2023 05.03.2023 &#8211; &#8220;Triumph Baltic&#8221;, Dino Zoo Pasaule (Krasta 52, Riga) (CAC)18.03-19.03.2023 &#8211; &#8220;Favor\u012bts&#8221;, Dino Zoo Pasaule (Krasta 52, Riga) (CAC) MAY 2023 27.05.-28.05.2023 \u2013 LKBA, &#8220;International dog show&#8221; (CACIB) (Dino Zoo Pasaule (Krasta 52, Riga)) JUNE 2023 03.06.2023 \u2013 &#8220;Golden Dog&#8221;, Aizkraukle (Aizkraukles kauss, CAC)10.06.2023 &#8211; &#8220;Triumph Baltic&#8221;,&hellip;","_links":{"self":[{"href":"https:\/\/luxpetclub.com\/lv\/wp-json\/wp\/v2\/pages\/1533","targetHints":{"allow":["GET"]}}],"collection":[{"href":"https:\/\/luxpetclub.com\/lv\/wp-json\/wp\/v2\/pages"}],"about":[{"href":"https:\/\/luxpetclub.com\/lv\/wp-json\/wp\/v2\/types\/page"}],"author":[{"embeddable":true,"href":"https:\/\/luxpetclub.com\/lv\/wp-json\/wp\/v2\/users\/1"}],"replies":[{"embeddable":true,"href":"https:\/\/luxpetclub.com\/lv\/wp-json\/wp\/v2\/comments?post=1533"}],"version-history":[{"count":8,"href":"https:\/\/luxpetclub.com\/lv\/wp-json\/wp\/v2\/pages\/1533\/revisions"}],"predecessor-version":[{"id":1838,"href":"https:\/\/luxpetclub.com\/lv\/wp-json\/wp\/v2\/pages\/1533\/revisions\/1838"}],"wp:attachment":[{"href":"https:\/\/luxpetclub.com\/lv\/wp-json\/wp\/v2\/media?parent=1533"}],"curies":[{"name":"wp","href":"https:\/\/api.w.org\/{rel}","templated":true}]}}